{"id":150,"date":"2016-05-05T11:10:13","date_gmt":"2016-05-05T10:10:13","guid":{"rendered":"http:\/\/jbaproduction.com\/es\/jacques-bidou\/"},"modified":"2025-08-12T17:52:54","modified_gmt":"2025-08-12T16:52:54","slug":"jacques-bidou","status":"publish","type":"page","link":"http:\/\/jbaproduction.com\/es\/jacques-bidou\/","title":{"rendered":"JACQUES BIDOU"},"content":{"rendered":"<p><img decoding=\"async\" loading=\"lazy\" class=\"alignnone wp-image-229\" src=\"http:\/\/jbaproduction.com\/wp-content\/uploads\/2016\/05\/JB4web.jpg\" alt=\"JB4web\" width=\"550\" height=\"405\" \/><\/p>\n<p><span style=\"color: #e87800;\"><b>PRODUCTOR<br \/>\n<\/b><\/span>Bachiller en Filosof\u00eda<br \/>\nINSAS (Institut National Sup\u00e9rieur des Arts du Spectacle\/ Bruxelles)<br \/>\n<strong>de 1984 a 2006<br \/>\n<\/strong>STAR FILM comercializaci\u00f3n en Espa\u00f1a con casi 3.000 h. de cine y de televisi\u00f3n.<br \/>\nCYRK S.A. comercializaci\u00f3n en Espa\u00f1a de los Cat\u00e1logos Revcom, Movietime, CED, MK2, etc&#8230;<br \/>\nProducci\u00f3n de dos largometrajes para el cine, cuyo \u00ab1492\u00bb de Ridley Scott<br \/>\nJBA PRODUCTION producci\u00f3n entre 1987 et 2014 de m\u00e1s de 115 pel\u00edculas (documentales y ficciones).<\/p>\n<p><span style=\"color: #e87800;\"><strong>LARGOMETRAJES PRINCIPALES<br \/>\n<\/strong><\/span><strong>1994<br \/>\n<\/strong>LAS GENTES DEL ARROZAL de Rithy Panh &#8211; Competencia CANNES 1994<br \/>\nBAB EL OUED CITY\u00bb de Merzak Allouache &#8211; Selecci\u00f3n Oficial, CANNES 1994<br \/>\nXIME de Sana N&#8217;Hada &#8211; Selecci\u00f3n Oficial, CANNES 1994<br \/>\n<strong>1995<br \/>\n<\/strong>HOLA PRIMO ! de Merzak Allouache &#8211; Quincena de Realizadores, CANNES 1996<br \/>\nFLAME de Ingrid Sinclair &#8211; Quincena de Realizadores, CANNES 1996<br \/>\n<strong>1996<br \/>\n<\/strong>EL COMPLOT DE ARISTOTELES &#8211; de Jean-Pierre Bekolo TORONTO, SUNDANCE, 1996<br \/>\nFOOLS de Ramadan Suleman &#8211; Leopardo de Plata LOCARNO 1997<br \/>\nLA DANZA DEL VIENTO de Rajan Khosa &#8211; VENECIA 1997<br \/>\n<strong>1997<br \/>\n<\/strong>CUERPOS SUMERGIDOS de Raoul Peck &#8211; MONTREAL, TORONTO, LONDRES 1998<br \/>\nUNA NOCHE DESPUES DE LA GUERRA de Rithy Panh &#8211; Selecci\u00f3n Oficial, CANNES 1998<br \/>\nOS MUTANTES de Teresa Villaverde &#8211; Selecci\u00f3n Oficial, CANNES 1998<br \/>\n<strong>98-99<br \/>\n<\/strong>SOMBRA Y PENUMBRA de Pankaj Butalia (India) &#8211; VENECIA 99<br \/>\nCAPITANES DE ABRIL de Maria de Medeiros &#8211; Selecci\u00f3n Oficial, CANNES 2000<br \/>\nLUMUMBA de Raoul Peck &#8211; Quincena de Realizadores, CANNES 2000<br \/>\nTHOMAS ESTA ENAMORADA\u00bb de Pierre-Paul Renders &#8211; VENECIA 2000<br \/>\n<strong>00-01<br \/>\n<\/strong>PAU Y SU HERMANO de Marc Recha &#8211; Competencia CANNES 01<br \/>\nUNA PARTE DEL CIELO de B\u00e9n\u00e9dicte Li\u00e9nard &#8211; Selec. Oficial CANNES 2002<br \/>\n<strong>02-03<br \/>\n<\/strong>PLUMAS EN LA CABEZA de Thomas de Thier &#8211; Quinc. de Realizadores, CANNES 03<br \/>\nLOS MANOS VACIAS de Marc Recha Selecci\u00f3n oficial, CANNES 03<br \/>\n<strong>04-05<br \/>\n<\/strong>ZULU LOVE LETTER de Ramadan Suleman &#8211; Selec. Oficial VENECIA 04<br \/>\nSALVADOR ALLENDE de Patricio Guzman &#8211; Selec. Oficial CANNES 04<br \/>\n<strong>07-08<br \/>\n<\/strong>LA SAL DE LA MAR de Annemarie Jacir &#8211; Selec. Oficial CANNES 08<br \/>\nSALAMANDRA de Pablo Ag\u00fcero &#8211; Quinc. de Realizadores CANNES 08<br \/>\n<strong>2009<br \/>\n<\/strong>VISAGE de Tsai Ming Liang Selecci\u00f3n Oficial CANNES 2009<br \/>\n<strong>2011<br \/>\n<\/strong>CORPO CELESTE de Alice Rohrwacher &#8211; Quinc. de Realizadores CANNES 2011<br \/>\n<strong>2012<br \/>\n<\/strong>UN FAMILIA RESPETABLE de Massoud Bakhshi, Quincena de Realizadores CANNES 12<br \/>\nLE REPENTI de Merzak Allouache, Quincena de Realizadores CANNES 12<br \/>\nVIRGEM MARGARIDA de Licinio Azevedo, TORONTO 12<br \/>\nCARNE DE PERRO de Fernando Guzzoni, Precio para la primera obra al SAN SEBASTIAN Film Festival<br \/>\n<strong>2013<br \/>\n<\/strong>LOS PERROS ERRANTES de Tsai Ming-Liang, Grand Prix del Jury Festival de VENICIA 13<br \/>\nLAS TERRAZAS de Merzak Allouache, en competencia al Festival de VENICIA 13<br \/>\n<strong>2014<br \/>\n<\/strong>HIJO DE CA\u00cfN de Marcell Ger\u00f6, en competencia al SAN SEBASTIAN Film Festival 14<br \/>\n<strong>2015<br \/>\n<\/strong>EVA NO DUERME de Pablo Ag\u00fcero, en competencia al SAN SEBASTIAN Film Festival 15<br \/>\n<strong>2016<br \/>\n<\/strong>EL CANTO DE LOS HOMBRES de B\u00e9n\u00e9dicte Li\u00e9nard y Mary Jimenez<br \/>\nJESUS de fernando Guzzoni,\u00a0en competencia al SAN SEBASTIAN Film Festival 16, TORONTO<br \/>\n<strong>2017<\/strong><br \/>\nWAJIB de Annemarie Jacir, en competencia a LOCARNO, TORONTO.<br \/>\n<strong>2018<\/strong><br \/>\n<strong>DONBASS<\/strong> de Serguei Loznitsa, Oficial CANNES 2018, Estreno de \u00abUN CERTAIN REGARD\u00bb<br \/>\n<strong>2020<\/strong><br \/>\n<strong>YALDA,\u00a0LA NOCHE DEL PARDON<\/strong>\u00a0de Massoud Bakhshi, Grand Jury Prize SUNDANCE<br \/>\n<strong>SIEMBRA EL VIENTO<\/strong> de Danilo Caputo, Panorama BERLIN<br \/>\n<strong>2021<\/strong><br \/>\nPLASTIC BAG de Than Lwin Oo \u2022 corto metraje Myanmar<br \/>\n<strong>2025<\/strong><br \/>\nEn produccion LOS SEGUIDORES DE LA REVOLUCION de Pedro Neves \u2022 documental Portugal\/France<br \/>\nEn pre-produccion DENGUE de Prantik Basu (Francia\/India) y RESHMA SHERA de Megha Ramaswamy (Alemania\/France\/India)<\/p>\n<p><span style=\"color: #e87800;\"><strong>DOCUMENTALES PRINCIPALES<br \/>\n<\/strong><\/span>\u00abCRONICAS SUDAFRICANAS\u00bb (1er Premio Brucelas 88), \u00abSITIO 2\u00bb (1er Premio Amiens &amp; mejor documental Scam 89), \u00abCHAPARE\u00bb (Premio del juez Biarritz 90), \u00abAQUI ALLA\u00bb (1er Premio Ginebra 91), \u00abIDA UNICA\u00bb (94), \u00abTALES FROM A HARD CITY\u00bb (1er Premio Marsella 94), \u00abMI VOTOS ES MI SECRETO\u00bb (Premio Joris Ivens, R\u00e9el Paris 95), \u00abLAS GENTES DE LA CHOZAS\u00bb (Mejor Documental Scam 96), \u00abINES, MI HERMANA\u00bb (96), \u00abFAUSTO COPPI\u00bb (Award Banff 97), \u00abNUESTROS AMIGOS DEL BANCO\u00bb (Fipa de Plata 98), \u00abDIARIO EN MEDELLIN\u00bb (1er Premio Nyon 98), \u00abJUSTICIA\u00bb (Premio Mitrani Fipa 99), \u00abMI FAMILIA AMERICANA\u00bb (Nyon, Marseille 2000), \u00abTAXI PARISANO\u00bb (Competencia, Locarno 2002), \u00abDIARIO DE UN COMBATIENTE KURDO\u00bb (Competencia, Premio Scam, Cinema de lo Real 2006), \u00abFUCKING SHEFFIELD\u00bb (Festival de Sheffield 2006), \u00abL&#8217;ENERGUMENE\u00bb de Jean-Lo\u00efc Portron y \u00abSOWETO, TIEMPO DE LAS COLERAS\u00bb (Africa del Sud 2016), \u00abGOMA TROP C&#8217;EST TROP\u00bb (RDC 2025)<\/p>\n<p><span style=\"color: #e87800;\"><b>FORMADOR<br \/>\n<\/b><\/span><strong>de 1995 a 1998<\/strong> Vice-presidente de la <strong>FEMIS<\/strong> (Francia)<br \/>\n<strong>desde 1998 a 2011<\/strong> Administrador de la <strong>FEMIS<\/strong> (Francia)<br \/>\n<strong>1990 &amp; 1991<\/strong> L\u00edder de grupo <strong>EAVE<\/strong>(Media I)<br \/>\n<strong>1992<\/strong> Director de estudios <strong>EAVE<\/strong> Greece (Media I)<br \/>\n<strong>de 1995 \u00e01998<\/strong> Director de estudios <strong>\u00abProduire en R\u00e9gion\u00bb <\/strong>(France)<br \/>\n<strong>1998 &amp; 1999<\/strong> L\u00edder de grupo <strong>EAVE<\/strong> (Media II)<br \/>\n<strong>2000<\/strong> Director de estudios \u00ab<strong>Produire en R\u00e9gion<\/strong>\u00bb<br \/>\n<strong>1999 &amp; 2013<\/strong> Director de estudios <strong>EURODOC<\/strong> (Media +)<br \/>\n<strong>2011 &amp; 2013<\/strong> Director de estudios <strong>DOCMED<\/strong> (Euromed Audiovisual)<br \/>\n<strong>2018 &amp; 2022<\/strong>\u00a0L\u00edder de grupo y miembro del comit\u00e9 pedag\u00f3gico <strong>EURODOC.<\/strong><\/p>\n<p><span style=\"color: #e87800;\"><b>ACTOR<\/b><\/span><br \/>\nPrimero papel en \u00ab<strong>LUNES A LA MANANA<\/strong>\u00bb de Otar Iosselani, Ours d\u2019Argent , Meilleure mise en sc\u00e8ne, Berlin 2002<\/p>\n<p><strong><span style=\"color: #ff6600;\">PUBLICACIONES<br \/>\n<span style=\"color: #000000;\">T\u00e9l\u00e9vision en libert\u00e9 \u2022 1981 \u2022 \u00c9ditions Sociales<\/span><br \/>\n<span style=\"color: #000000;\">Il \u00e9tait une fois la production \u2022 2021 \u2022 \u00c9ditions H\u00e9misph\u00e8res<br \/>\nOnce upon a time in production \u2022 2025 \u2022 Ed Paul Cronin London<\/span><\/span><\/strong><\/p>\n","protected":false},"excerpt":{"rendered":"<p>PRODUCTOR Bachiller en Filosof\u00eda INSAS (Institut National Sup\u00e9rieur des Arts du Spectacle\/ Bruxelles) de 1984 a 2006 STAR FILM comercializaci\u00f3n en Espa\u00f1a con casi 3.000 h. de cine y de televisi\u00f3n. CYRK S.A. comercializaci\u00f3n en Espa\u00f1a de los Cat\u00e1logos Revcom, Movietime, CED, MK2, etc&#8230; Producci\u00f3n de dos largometrajes para el cine, cuyo \u00ab1492\u00bb de Ridley<a href=\"http:\/\/jbaproduction.com\/es\/jacques-bidou\/\">[&#8230;]<\/a><\/p>\n","protected":false},"author":1,"featured_media":0,"parent":0,"menu_order":0,"comment_status":"closed","ping_status":"closed","template":"","meta":[],"yoast_head":"<!-- This site is optimized with the Yoast SEO plugin v19.10 - https:\/\/yoast.com\/wordpress\/plugins\/seo\/ -->\n<title>JACQUES BIDOU - JBA PRODUCTION<\/title>\n<meta name=\"robots\" content=\"index, follow, max-snippet:-1, max-image-preview:large, max-video-preview:-1\" \/>\n<link rel=\"canonical\" href=\"https:\/\/jbaproduction.com\/es\/jacques-bidou\/\" \/>\n<meta property=\"og:locale\" content=\"es_ES\" \/>\n<meta property=\"og:type\" content=\"article\" \/>\n<meta property=\"og:title\" content=\"JACQUES BIDOU - JBA PRODUCTION\" \/>\n<meta property=\"og:description\" content=\"PRODUCTOR Bachiller en Filosof\u00eda INSAS (Institut National Sup\u00e9rieur des Arts du Spectacle\/ Bruxelles) de 1984 a 2006 STAR FILM comercializaci\u00f3n en Espa\u00f1a con casi 3.000 h. de cine y de televisi\u00f3n. CYRK S.A. comercializaci\u00f3n en Espa\u00f1a de los Cat\u00e1logos Revcom, Movietime, CED, MK2, etc&#8230; Producci\u00f3n de dos largometrajes para el cine, cuyo \u00ab1492\u00bb de Ridley[...]\" \/>\n<meta property=\"og:url\" content=\"https:\/\/jbaproduction.com\/es\/jacques-bidou\/\" \/>\n<meta property=\"og:site_name\" content=\"JBA PRODUCTION\" \/>\n<meta property=\"article:modified_time\" content=\"2025-08-12T16:52:54+00:00\" \/>\n<meta property=\"og:image\" content=\"http:\/\/jbaproduction.com\/wp-content\/uploads\/2016\/05\/JB4web.jpg\" \/>\n<meta name=\"twitter:card\" content=\"summary_large_image\" \/>\n<meta name=\"twitter:label1\" content=\"Tiempo de lectura\" \/>\n\t<meta name=\"twitter:data1\" content=\"5 minutos\" \/>\n<script type=\"application\/ld+json\" class=\"yoast-schema-graph\">{\"@context\":\"https:\/\/schema.org\",\"@graph\":[{\"@type\":\"WebPage\",\"@id\":\"https:\/\/jbaproduction.com\/es\/jacques-bidou\/\",\"url\":\"https:\/\/jbaproduction.com\/es\/jacques-bidou\/\",\"name\":\"JACQUES BIDOU - JBA PRODUCTION\",\"isPartOf\":{\"@id\":\"http:\/\/jbaproduction.com\/#website\"},\"datePublished\":\"2016-05-05T10:10:13+00:00\",\"dateModified\":\"2025-08-12T16:52:54+00:00\",\"breadcrumb\":{\"@id\":\"https:\/\/jbaproduction.com\/es\/jacques-bidou\/#breadcrumb\"},\"inLanguage\":\"es\",\"potentialAction\":[{\"@type\":\"ReadAction\",\"target\":[\"https:\/\/jbaproduction.com\/es\/jacques-bidou\/\"]}]},{\"@type\":\"BreadcrumbList\",\"@id\":\"https:\/\/jbaproduction.com\/es\/jacques-bidou\/#breadcrumb\",\"itemListElement\":[{\"@type\":\"ListItem\",\"position\":1,\"name\":\"Accueil\",\"item\":\"http:\/\/jbaproduction.com\/\"},{\"@type\":\"ListItem\",\"position\":2,\"name\":\"JACQUES BIDOU\"}]},{\"@type\":\"WebSite\",\"@id\":\"http:\/\/jbaproduction.com\/#website\",\"url\":\"http:\/\/jbaproduction.com\/\",\"name\":\"JBA PRODUCTION\",\"description\":\"Cin\u00e9mas du monde\",\"potentialAction\":[{\"@type\":\"SearchAction\",\"target\":{\"@type\":\"EntryPoint\",\"urlTemplate\":\"http:\/\/jbaproduction.com\/?s={search_term_string}\"},\"query-input\":\"required name=search_term_string\"}],\"inLanguage\":\"es\"}]}<\/script>\n<!-- \/ Yoast SEO plugin. -->","yoast_head_json":{"title":"JACQUES BIDOU - JBA PRODUCTION","robots":{"index":"index","follow":"follow","max-snippet":"max-snippet:-1","max-image-preview":"max-image-preview:large","max-video-preview":"max-video-preview:-1"},"canonical":"https:\/\/jbaproduction.com\/es\/jacques-bidou\/","og_locale":"es_ES","og_type":"article","og_title":"JACQUES BIDOU - JBA PRODUCTION","og_description":"PRODUCTOR Bachiller en Filosof\u00eda INSAS (Institut National Sup\u00e9rieur des Arts du Spectacle\/ Bruxelles) de 1984 a 2006 STAR FILM comercializaci\u00f3n en Espa\u00f1a con casi 3.000 h. de cine y de televisi\u00f3n. CYRK S.A. comercializaci\u00f3n en Espa\u00f1a de los Cat\u00e1logos Revcom, Movietime, CED, MK2, etc&#8230; Producci\u00f3n de dos largometrajes para el cine, cuyo \u00ab1492\u00bb de Ridley[...]","og_url":"https:\/\/jbaproduction.com\/es\/jacques-bidou\/","og_site_name":"JBA PRODUCTION","article_modified_time":"2025-08-12T16:52:54+00:00","og_image":[{"url":"http:\/\/jbaproduction.com\/wp-content\/uploads\/2016\/05\/JB4web.jpg"}],"twitter_card":"summary_large_image","twitter_misc":{"Tiempo de lectura":"5 minutos"},"schema":{"@context":"https:\/\/schema.org","@graph":[{"@type":"WebPage","@id":"https:\/\/jbaproduction.com\/es\/jacques-bidou\/","url":"https:\/\/jbaproduction.com\/es\/jacques-bidou\/","name":"JACQUES BIDOU - JBA PRODUCTION","isPartOf":{"@id":"http:\/\/jbaproduction.com\/#website"},"datePublished":"2016-05-05T10:10:13+00:00","dateModified":"2025-08-12T16:52:54+00:00","breadcrumb":{"@id":"https:\/\/jbaproduction.com\/es\/jacques-bidou\/#breadcrumb"},"inLanguage":"es","potentialAction":[{"@type":"ReadAction","target":["https:\/\/jbaproduction.com\/es\/jacques-bidou\/"]}]},{"@type":"BreadcrumbList","@id":"https:\/\/jbaproduction.com\/es\/jacques-bidou\/#breadcrumb","itemListElement":[{"@type":"ListItem","position":1,"name":"Accueil","item":"http:\/\/jbaproduction.com\/"},{"@type":"ListItem","position":2,"name":"JACQUES BIDOU"}]},{"@type":"WebSite","@id":"http:\/\/jbaproduction.com\/#website","url":"http:\/\/jbaproduction.com\/","name":"JBA PRODUCTION","description":"Cin\u00e9mas du monde","potentialAction":[{"@type":"SearchAction","target":{"@type":"EntryPoint","urlTemplate":"http:\/\/jbaproduction.com\/?s={search_term_string}"},"query-input":"required name=search_term_string"}],"inLanguage":"es"}]}},"_links":{"self":[{"href":"http:\/\/jbaproduction.com\/es\/wp-json\/wp\/v2\/pages\/150"}],"collection":[{"href":"http:\/\/jbaproduction.com\/es\/wp-json\/wp\/v2\/pages"}],"about":[{"href":"http:\/\/jbaproduction.com\/es\/wp-json\/wp\/v2\/types\/page"}],"author":[{"embeddable":true,"href":"http:\/\/jbaproduction.com\/es\/wp-json\/wp\/v2\/users\/1"}],"replies":[{"embeddable":true,"href":"http:\/\/jbaproduction.com\/es\/wp-json\/wp\/v2\/comments?post=150"}],"version-history":[{"count":2,"href":"http:\/\/jbaproduction.com\/es\/wp-json\/wp\/v2\/pages\/150\/revisions"}],"predecessor-version":[{"id":241178,"href":"http:\/\/jbaproduction.com\/es\/wp-json\/wp\/v2\/pages\/150\/revisions\/241178"}],"wp:attachment":[{"href":"http:\/\/jbaproduction.com\/es\/wp-json\/wp\/v2\/media?parent=150"}],"curies":[{"name":"wp","href":"https:\/\/api.w.org\/{rel}","templated":true}]}}