{"id":154,"date":"2016-05-05T11:14:14","date_gmt":"2016-05-05T10:14:14","guid":{"rendered":"http:\/\/jbaproduction.com\/en\/marianne-dumoulin\/"},"modified":"2022-09-26T21:40:22","modified_gmt":"2022-09-26T20:40:22","slug":"marianne-dumoulin","status":"publish","type":"page","link":"https:\/\/jbaproduction.com\/en\/marianne-dumoulin\/","title":{"rendered":"MARIANNE DUMOULIN"},"content":{"rendered":"<div class=\"conteneur_qui_texte_bloc_ligne\"><strong><span style=\"color: #e87800;\"><img decoding=\"async\" loading=\"lazy\" class=\"alignnone wp-image-608\" src=\"http:\/\/jbaproduction.com\/wp-content\/uploads\/2016\/05\/IMG_0749.jpg\" alt=\"img_0749\" width=\"550\" height=\"422\" srcset=\"https:\/\/jbaproduction.com\/wp-content\/uploads\/2016\/05\/IMG_0749.jpg 1127w, https:\/\/jbaproduction.com\/wp-content\/uploads\/2016\/05\/IMG_0749-300x230.jpg 300w, https:\/\/jbaproduction.com\/wp-content\/uploads\/2016\/05\/IMG_0749-768x589.jpg 768w, https:\/\/jbaproduction.com\/wp-content\/uploads\/2016\/05\/IMG_0749-1024x785.jpg 1024w\" sizes=\"(max-width: 550px) 100vw, 550px\" \/><\/span><\/strong><\/div>\n<div class=\"conteneur_qui_texte_bloc_ligne\"><\/div>\n<div class=\"conteneur_qui_texte_bloc_ligne\" style=\"text-align: justify;\"><strong><span style=\"color: #e87800;\">P<\/span><\/strong><strong><span style=\"color: #e87800;\">RODUCER<br \/>\n<\/span><\/strong>Marianne Dumoulin joined Jacques Bidou&#8217;s company, JBA Production (Paris), in 1992. From line producer (APRIL CAPITAINS by Maria de Medeiros, LUMUMBA by Raoul Peck, A NIGHT AFTER THE WAR by Rithy Panh, FOOLS by Ramadan Suleman or HEY COUSIN and BAB EL OUED CITY by Merzak Allouache&#8230;), Marianne Dumoulin became producer in 1999. Since then she has produced or co-produced 22 feature films by filmmakers from 13 different countries, including 9 first films, all in co-production.<\/div>\n<div class=\"conteneur_qui_texte_bloc_ligne\" style=\"text-align: justify;\"><\/div>\n<div class=\"conteneur_qui_texte_bloc_ligne\" style=\"text-align: justify;\">Her first production A PIECE OF SKY by Belgian filmmaker B\u00e9n\u00e9dicte Li\u00e9nard (Un Certain Regard Cannes 2002) is a story of friendship between two women trade unionists beautifully played by Severine Caneele; but also the first work of Palestinian filmmaker Annemarie Jacir SALT OF THIS SEA (Official Selection Cannes 2008) or the first film CORPO CELESTE by Italian director Alice Rohwacher (Directors&#8217; Fortnight Cannes 2011) ; as well as the first two works of the Chilean Fernando Guzzoni CARNE DE PERRO (Grand Prix New Director San Sebastian 2012) and JESUS (Competition San Sebastian 2016) and the Argentinian Pablo Ag\u00fcero SALAMANDRA (Directors&#8217; Fortnight Cannes 2008) and EVA DOES NOT SLEEP (Competition San Sebastian 2015, 5 Condors in Argentina), but also FACE by the Taiwanese Tsai Ming-Liang (Competition Cannes 2009) and STRAY DOGS (Jury Prize Venice 2013), THE REPENTANT by Algerian filmmaker Merzak Allouache (Directors&#8217; Fortnight Cannes 2012) and THE ROOFTOPS (Competition Venice Festival 2013), the documentary CAIN\u2019S CHILDREN by Hungarian filmmaker Marcell Ger\u00f6 (San Sebastian 2014) and A RESPECTABLE FAMILY by Iranian filmmaker Massoud Bakhshi (Directors&#8217; Fortnight Cannes 2012), WAJIB by Annemarie Jacir (Locarno Competition 2017) and DONBASS (Prix de la mise en sc\u00e8ne Un Certain Regard Cannes 2019) by Ukrainian director Sergei Loznitsa.<\/div>\n<div class=\"conteneur_qui_texte_bloc_ligne\">\n<p style=\"text-align: justify;\">In 2020, YALDA A NIGHT FOR FORGIVENESS by Iranian director Massoud Bakhshi won the Grand Prix at Sundance followed by its selection at the Berlin Film Festival. In the same festival, in the Panorama section, the selection of SOW THE WIND by Italian director Danilo Caputo. September 2021, BABI YAR by Sergei Loznitsa (Ukraine) is in production,\u00a0July 22 production of the short PLASTIC BAG by Than Lwin Oo (Myanmar), in November 22 the feature documentary THE FOLLOWERS OF THE REVOLUTION by Pedro Neves is in production\u00a0and the first feature by the Congolese Dieudo Hamadi LITITI MBOKA is in development.<\/p>\n<p style=\"text-align: justify;\">In addition, Marianne Dumoulin continues to produce documentaries including FUCKING SHEFFIELD by Kim Flitcroft, L&#8217;\u00c9NERGUM\u00c8NE by Jean-Lo\u00efc Portron, SOWETO TIMES OF WARTH by a collective of young South African filmmakers&#8230; and participates in numerous workshops as a tutor.<\/p>\n<p><span style=\"color: #ff6600;\"><strong>EXPERTISE\/TUTORAT\u00a0<\/strong><\/span><\/p>\n<ul>\n<li>La Cin\u00e9fabrique (\u00e9cole nationale sup\u00e9rieure de cin\u00e9ma Lyon) 2018, 2019, 2020, 2021<\/li>\n<li>Produire au Sud Agadir (Maroc) 2020 and 2021<\/li>\n<li>Produire au Sud Kopro\/PAS Kolkata (India) 2021<\/li>\n<li>IESA (France) 2021<\/li>\n<li>Myanmar Script Fund (Myanmar) 2017, 2018, 2019 and 2020<\/li>\n<li>Eurodoc from 2002 to 2012 and from 2017 to 2019<\/li>\n<li>Hypokh\u00e2gne Lyc\u00e9e Paul Valery (France) 2016-2017<\/li>\n<li>MedFilmFactory (Tunisia) 2012, (Jordania) 2014-2017-2019<\/li>\n<li>Coaching FC &amp; SSA (Switzerland) 2012-2013<\/li>\n<li>Docmed 2011, 2012, 2013<\/li>\n<li>Master 2, Atelier de production DEMC (Paris) 2012<\/li>\n<li>Grandes \u00c9coles, m\u00e9tiers Producteur (Paris) 2011<\/li>\n<li>Primi\/MEDIA (Marseille) 2010<\/li>\n<li>Les Etats G\u00e9n\u00e9raux Master Production Lussas (France) 2008<\/li>\n<li>Femis (France) 2002, 2003, 2005 et 2010<\/li>\n<\/ul>\n<\/div>\n","protected":false},"excerpt":{"rendered":"<p>PRODUCER Marianne Dumoulin joined Jacques Bidou&#8217;s company, JBA Production (Paris), in 1992. From line producer (APRIL CAPITAINS by Maria de Medeiros, LUMUMBA by Raoul Peck, A NIGHT AFTER THE WAR by Rithy Panh, FOOLS by Ramadan Suleman or HEY COUSIN and BAB EL OUED CITY by Merzak Allouache&#8230;), Marianne Dumoulin became producer in 1999. Since<a href=\"https:\/\/jbaproduction.com\/en\/marianne-dumoulin\/\">[&#8230;]<\/a><\/p>\n","protected":false},"author":1,"featured_media":0,"parent":0,"menu_order":0,"comment_status":"closed","ping_status":"closed","template":"","meta":[],"yoast_head":"<!-- This site is optimized with the Yoast SEO plugin v19.10 - https:\/\/yoast.com\/wordpress\/plugins\/seo\/ -->\n<title>MARIANNE DUMOULIN - JBA PRODUCTION<\/title>\n<meta name=\"robots\" content=\"index, follow, max-snippet:-1, max-image-preview:large, max-video-preview:-1\" \/>\n<link rel=\"canonical\" href=\"https:\/\/jbaproduction.com\/en\/marianne-dumoulin\/\" \/>\n<meta property=\"og:locale\" content=\"en_US\" \/>\n<meta property=\"og:type\" content=\"article\" \/>\n<meta property=\"og:title\" content=\"MARIANNE DUMOULIN - JBA PRODUCTION\" \/>\n<meta property=\"og:description\" content=\"PRODUCER Marianne Dumoulin joined Jacques Bidou&#8217;s company, JBA Production (Paris), in 1992. From line producer (APRIL CAPITAINS by Maria de Medeiros, LUMUMBA by Raoul Peck, A NIGHT AFTER THE WAR by Rithy Panh, FOOLS by Ramadan Suleman or HEY COUSIN and BAB EL OUED CITY by Merzak Allouache&#8230;), Marianne Dumoulin became producer in 1999. Since[...]\" \/>\n<meta property=\"og:url\" content=\"https:\/\/jbaproduction.com\/en\/marianne-dumoulin\/\" \/>\n<meta property=\"og:site_name\" content=\"JBA PRODUCTION\" \/>\n<meta property=\"article:modified_time\" content=\"2022-09-26T20:40:22+00:00\" \/>\n<meta property=\"og:image\" content=\"http:\/\/jbaproduction.com\/wp-content\/uploads\/2016\/05\/IMG_0749.jpg\" \/>\n<meta name=\"twitter:card\" content=\"summary_large_image\" \/>\n<meta name=\"twitter:label1\" content=\"Est. reading time\" \/>\n\t<meta name=\"twitter:data1\" content=\"3 minutes\" \/>\n<script type=\"application\/ld+json\" class=\"yoast-schema-graph\">{\"@context\":\"https:\/\/schema.org\",\"@graph\":[{\"@type\":\"WebPage\",\"@id\":\"https:\/\/jbaproduction.com\/en\/marianne-dumoulin\/\",\"url\":\"https:\/\/jbaproduction.com\/en\/marianne-dumoulin\/\",\"name\":\"MARIANNE DUMOULIN - JBA PRODUCTION\",\"isPartOf\":{\"@id\":\"http:\/\/jbaproduction.com\/#website\"},\"datePublished\":\"2016-05-05T10:14:14+00:00\",\"dateModified\":\"2022-09-26T20:40:22+00:00\",\"breadcrumb\":{\"@id\":\"https:\/\/jbaproduction.com\/en\/marianne-dumoulin\/#breadcrumb\"},\"inLanguage\":\"en-US\",\"potentialAction\":[{\"@type\":\"ReadAction\",\"target\":[\"https:\/\/jbaproduction.com\/en\/marianne-dumoulin\/\"]}]},{\"@type\":\"BreadcrumbList\",\"@id\":\"https:\/\/jbaproduction.com\/en\/marianne-dumoulin\/#breadcrumb\",\"itemListElement\":[{\"@type\":\"ListItem\",\"position\":1,\"name\":\"Accueil\",\"item\":\"http:\/\/jbaproduction.com\/\"},{\"@type\":\"ListItem\",\"position\":2,\"name\":\"MARIANNE DUMOULIN\"}]},{\"@type\":\"WebSite\",\"@id\":\"http:\/\/jbaproduction.com\/#website\",\"url\":\"http:\/\/jbaproduction.com\/\",\"name\":\"JBA PRODUCTION\",\"description\":\"Cin\u00e9mas du monde\",\"potentialAction\":[{\"@type\":\"SearchAction\",\"target\":{\"@type\":\"EntryPoint\",\"urlTemplate\":\"http:\/\/jbaproduction.com\/?s={search_term_string}\"},\"query-input\":\"required name=search_term_string\"}],\"inLanguage\":\"en-US\"}]}<\/script>\n<!-- \/ Yoast SEO plugin. -->","yoast_head_json":{"title":"MARIANNE DUMOULIN - JBA PRODUCTION","robots":{"index":"index","follow":"follow","max-snippet":"max-snippet:-1","max-image-preview":"max-image-preview:large","max-video-preview":"max-video-preview:-1"},"canonical":"https:\/\/jbaproduction.com\/en\/marianne-dumoulin\/","og_locale":"en_US","og_type":"article","og_title":"MARIANNE DUMOULIN - JBA PRODUCTION","og_description":"PRODUCER Marianne Dumoulin joined Jacques Bidou&#8217;s company, JBA Production (Paris), in 1992. From line producer (APRIL CAPITAINS by Maria de Medeiros, LUMUMBA by Raoul Peck, A NIGHT AFTER THE WAR by Rithy Panh, FOOLS by Ramadan Suleman or HEY COUSIN and BAB EL OUED CITY by Merzak Allouache&#8230;), Marianne Dumoulin became producer in 1999. Since[...]","og_url":"https:\/\/jbaproduction.com\/en\/marianne-dumoulin\/","og_site_name":"JBA PRODUCTION","article_modified_time":"2022-09-26T20:40:22+00:00","og_image":[{"url":"http:\/\/jbaproduction.com\/wp-content\/uploads\/2016\/05\/IMG_0749.jpg"}],"twitter_card":"summary_large_image","twitter_misc":{"Est. reading time":"3 minutes"},"schema":{"@context":"https:\/\/schema.org","@graph":[{"@type":"WebPage","@id":"https:\/\/jbaproduction.com\/en\/marianne-dumoulin\/","url":"https:\/\/jbaproduction.com\/en\/marianne-dumoulin\/","name":"MARIANNE DUMOULIN - JBA PRODUCTION","isPartOf":{"@id":"http:\/\/jbaproduction.com\/#website"},"datePublished":"2016-05-05T10:14:14+00:00","dateModified":"2022-09-26T20:40:22+00:00","breadcrumb":{"@id":"https:\/\/jbaproduction.com\/en\/marianne-dumoulin\/#breadcrumb"},"inLanguage":"en-US","potentialAction":[{"@type":"ReadAction","target":["https:\/\/jbaproduction.com\/en\/marianne-dumoulin\/"]}]},{"@type":"BreadcrumbList","@id":"https:\/\/jbaproduction.com\/en\/marianne-dumoulin\/#breadcrumb","itemListElement":[{"@type":"ListItem","position":1,"name":"Accueil","item":"http:\/\/jbaproduction.com\/"},{"@type":"ListItem","position":2,"name":"MARIANNE DUMOULIN"}]},{"@type":"WebSite","@id":"http:\/\/jbaproduction.com\/#website","url":"http:\/\/jbaproduction.com\/","name":"JBA PRODUCTION","description":"Cin\u00e9mas du monde","potentialAction":[{"@type":"SearchAction","target":{"@type":"EntryPoint","urlTemplate":"http:\/\/jbaproduction.com\/?s={search_term_string}"},"query-input":"required name=search_term_string"}],"inLanguage":"en-US"}]}},"_links":{"self":[{"href":"https:\/\/jbaproduction.com\/en\/wp-json\/wp\/v2\/pages\/154"}],"collection":[{"href":"https:\/\/jbaproduction.com\/en\/wp-json\/wp\/v2\/pages"}],"about":[{"href":"https:\/\/jbaproduction.com\/en\/wp-json\/wp\/v2\/types\/page"}],"author":[{"embeddable":true,"href":"https:\/\/jbaproduction.com\/en\/wp-json\/wp\/v2\/users\/1"}],"replies":[{"embeddable":true,"href":"https:\/\/jbaproduction.com\/en\/wp-json\/wp\/v2\/comments?post=154"}],"version-history":[{"count":1,"href":"https:\/\/jbaproduction.com\/en\/wp-json\/wp\/v2\/pages\/154\/revisions"}],"predecessor-version":[{"id":235373,"href":"https:\/\/jbaproduction.com\/en\/wp-json\/wp\/v2\/pages\/154\/revisions\/235373"}],"wp:attachment":[{"href":"https:\/\/jbaproduction.com\/en\/wp-json\/wp\/v2\/media?parent=154"}],"curies":[{"name":"wp","href":"https:\/\/api.w.org\/{rel}","templated":true}]}}